{"id":213,"date":"2022-02-24T19:41:54","date_gmt":"2022-02-24T19:41:54","guid":{"rendered":"https:\/\/sansebastiandecolina.cl\/?page_id=213"},"modified":"2026-03-03T21:37:56","modified_gmt":"2026-03-04T00:37:56","slug":"historia","status":"publish","type":"page","link":"https:\/\/sansebastiandecolina.cl\/index.php\/historia\/","title":{"rendered":"historia"},"content":{"rendered":"<div class=\"et_pb_section_0 et_pb_section et_pb_fullwidth_section et_section_regular et_block_section et_pb_section_parallax\"><span class=\"et-pb-parallax-wrapper\"><span class=\"et-pb-parallax-background et-pb-parallax-background-module--divi-section-0\" style=\"background-image:url(https:\/\/sansebastiandecolina.cl\/wp-content\/uploads\/2022\/02\/jess-watters-483666-unsplash.jpg)\"><\/span><\/span><section class=\"et_pb_fullwidth_header_0 et_pb_fullwidth_header et_pb_fullscreen et_pb_bg_layout_light et_pb_text_align_center et_animated et_pb_module et_flex_module\"><div class=\"et_pb_fullwidth_header_container center\"><div class=\"header-content-container center\"><div class=\"header-content et_flex_module\"><h2 class=\"et_pb_module_header\">Bienvenidos a nuestro sitio web<\/h2><div class=\"et_pb_header_content_wrapper\"><p><img loading=\"lazy\" decoding=\"async\" src=\"https:\/\/sansebastiandecolina.cl\/wp-content\/uploads\/2022\/02\/logo-sin-margenes-300x260.png\" width=\"500\" height=\"433\" alt=\"\" class=\"wp-image-208 alignnone size-medium\" \/><\/p>\n<\/div><div class=\"et_pb_header_button_wrapper\"><\/div><\/div><\/div><\/div><div class=\"et_pb_fullwidth_header_overlay\"><\/div><div class=\"et_pb_fullwidth_header_scroll\"><\/div><\/section><\/div><div class=\"et_pb_section_1 et_pb_section et_section_regular et_block_section et_pb_section_parallax\"><span class=\"et-pb-parallax-wrapper\"><span class=\"et-pb-parallax-background et-pb-parallax-background-module--divi-section-1\" style=\"background-image:url(https:\/\/sansebastiandecolina.cl\/wp-content\/uploads\/2022\/02\/shapes-bg-color.png)\"><\/span><\/span><div class=\"et_pb_row_0 et_pb_row et_block_row\"><div class=\"et_pb_column_0 et_pb_column et_pb_column_4_4 et-last-child et_block_column et_pb_css_mix_blend_mode_passthrough\"><div class=\"et_pb_blurb_0 et_pb_blurb et_pb_bg_layout_light et_pb_text_align_center et_pb_blurb_position_top et_pb_module et_block_module\"><div class=\"et_pb_blurb_content\"><div class=\"et_pb_main_blurb_image\"><span class=\"et_pb_image_wrap\"><span class=\"et-pb-icon et-waypoint et_pb_animation_top et_pb_animation_top_tablet et_pb_animation_top_phone\">\ue012<\/span><\/span><\/div><div class=\"et_pb_blurb_container\"><h4 class=\"et_pb_module_header\">Mision<\/h4><\/div><\/div><\/div><div class=\"et_pb_text_0 et_pb_text et_pb_bg_layout_light et_pb_module et_block_module et_pb_text_align_center\"><div class=\"et_pb_text_inner\"><h2>Educar con equidad y visi\u00f3n de futuro<\/h2>\n<p>Lorem ipsum dolor sit amet, consectetur adipiscing elit. In sagittis, urna eu convallis pulvinar, urna enim mollis magna, eget dictum lorem quam eget leo. In non arcu tempor, placerat quam sed, luctus est. Fusce ac eleifend leo. Praesent nec mattis augue. Ut nec arcu nec dui porta aliquam a id risus. Aliquam ac varius neque. Donec commodo efficitur elementum. Fusce rhoncus vestibulum tellus, ac hendrerit mi.<\/p>\n<\/div><\/div><\/div><\/div><\/div><div class=\"et_pb_section_2 et_pb_section et_section_regular et_block_section\"><div class=\"et_pb_row_1 et_pb_row et_block_row\"><div class=\"et_pb_column_1 et_pb_column et_pb_column_4_4 et-last-child et_block_column et_pb_css_mix_blend_mode_passthrough\"><div class=\"et_pb_blurb_1 et_pb_blurb et_pb_bg_layout_light et_pb_text_align_center et_pb_blurb_position_top et_pb_module et_block_module\"><div class=\"et_pb_blurb_content\"><div class=\"et_pb_main_blurb_image\"><span class=\"et_pb_image_wrap\"><span class=\"et-pb-icon et-waypoint et_pb_animation_top et_pb_animation_top_tablet et_pb_animation_top_phone\">\ue023<\/span><\/span><\/div><div class=\"et_pb_blurb_container\"><h4 class=\"et_pb_module_header\">Calendario de actividades<\/h4><\/div><\/div><\/div><\/div><\/div><div class=\"et_pb_row_2 et_pb_row et_block_row\"><div class=\"et_pb_column_2 et_pb_column et_pb_column_1_3 et_block_column et_pb_css_mix_blend_mode_passthrough\"><div class=\"et_pb_text_1 et_pb_text et_pb_bg_layout_dark et_pb_module et_block_module et_pb_text_align_center\"><div class=\"et_pb_text_inner\"><h3>01<\/h3>\n<h4>Marzo<\/h4>\n<h4>2022<\/h4>\n<\/div><\/div><div class=\"et_pb_text_2 et_pb_text et_pb_bg_layout_dark et_pb_module et_block_module\"><div class=\"et_pb_text_inner\"><h4>Inicio de clases<\/h4>\n<p>Inicio de clases a\u00f1o 2022<\/p>\n<p><a href=\"https:\/\/sansebastiandecolina.cl\/wp-content\/uploads\/2022\/02\/I20221A.pdf\" rel=\"attachment wp-att-191\">mas informaci\u00f3n&#8230;<\/a><\/p>\n<\/div><\/div><\/div><div class=\"et_pb_column_3 et_pb_column et_pb_column_1_3 et_block_column et_pb_css_mix_blend_mode_passthrough\"><div class=\"et_pb_text_3 et_pb_text et_pb_bg_layout_dark et_pb_module et_block_module et_pb_text_align_center\"><div class=\"et_pb_text_inner\"><h3>12<\/h3>\n<h4>May<\/h4>\n<h4>2022<\/h4>\n<\/div><\/div><div class=\"et_pb_text_4 et_pb_text et_pb_bg_layout_dark et_pb_module et_block_module\"><div class=\"et_pb_text_inner\"><h4>Parent Teach Conferences<\/h4>\n<p>Lorem ipsum dolor sit amet, consectetur adipiscing elit, sed do eiusmod tempor incididunt.<\/p>\n<\/div><\/div><\/div><div class=\"et_pb_column_4 et_pb_column et_pb_column_1_3 et-last-child et_block_column et_pb_css_mix_blend_mode_passthrough\"><div class=\"et_pb_text_5 et_pb_text et_pb_bg_layout_dark et_pb_module et_block_module et_pb_text_align_center\"><div class=\"et_pb_text_inner\"><h3>14<\/h3>\n<h4>May<\/h4>\n<h4>2022<\/h4>\n<\/div><\/div><div class=\"et_pb_text_6 et_pb_text et_pb_bg_layout_dark et_pb_module et_block_module\"><div class=\"et_pb_text_inner\"><h4>National Holiday &#8211; No School<\/h4>\n<p>Lorem ipsum dolor sit amet, consectetur adipiscing elit, sed do eiusmod tempor incididunt.<\/p>\n<\/div><\/div><\/div><\/div><\/div><div class=\"et_pb_section_3 et_pb_section et_section_regular et_block_section et_pb_section_parallax\"><span class=\"et-pb-parallax-wrapper\"><span class=\"et-pb-parallax-background et-pb-parallax-background-module--divi-section-3\" style=\"background-image:url(https:\/\/sansebastiandecolina.cl\/wp-content\/uploads\/2022\/02\/shapes-bg-1.png)\"><\/span><\/span><div class=\"et_pb_row_3 et_pb_row et_block_row\"><div class=\"et_pb_column_5 et_pb_column et_pb_column_2_3 et_block_column et_pb_css_mix_blend_mode_passthrough\"><div class=\"et_pb_text_7 et_pb_text et_pb_bg_layout_light et_pb_module et_block_module\"><div class=\"et_pb_text_inner\"><h5>Our School<\/h5>\n<h2>Facilities and Organizations<\/h2>\n<p><span>Lorem ipsum dolor sit amet, consectetur adipiscing elit. In sagittis, urna eu convallis pulvinar, urna enim mollis magna, eget dictum lorem quam eget leo. In non arcu tempor, placerat quam sed, luctus est. Fusce ac eleifend leo. Praesent nec mattis augue.<\/span><\/p>\n<\/div><\/div><div class=\"et_pb_video_0 et_pb_video et_pb_module et_block_module\"><div class=\"et_pb_video_box\"><iframe loading=\"lazy\" title=\"Divi. The Ultimate WordPress Theme And Visual Page Builder\" width=\"1080\" height=\"608\" src=\"https:\/\/www.youtube.com\/embed\/FkQuawiGWUw?feature=oembed\"  allow=\"accelerometer; autoplay; clipboard-write; encrypted-media; gyroscope; picture-in-picture; web-share\" referrerpolicy=\"strict-origin-when-cross-origin\" allowfullscreen><\/iframe><\/div><div class=\"et_pb_video_overlay\" style=\"background-image:url(https:\/\/sansebastiandecolina.cl\/wp-content\/uploads\/2022\/02\/Image.jpg)\"><div class=\"et_pb_video_overlay_hover\"><a class=\"et_pb_video_play\" href=\"#\"><\/a><\/div><\/div><\/div><\/div><div class=\"et_pb_column_6 et_pb_column et_pb_column_1_3 et-last-child et_block_column et_pb_css_mix_blend_mode_passthrough\"><div class=\"et_pb_accordion_0 et_pb_accordion et_pb_module et_block_module\"><div class=\"et_pb_accordion_item_0 et_pb_accordion_item et_pb_toggle et_pb_module et_pb_toggle_open et_block_module\"><h5 class=\"et_pb_toggle_title\">PTA Organization<\/h5><div class=\"et_pb_toggle_content\"><p><span>Lorem ipsum dolor sit amet, consectetur adipiscing elit. In sagittis, urna eu convallis pulvinar, urna enim mollis magna, eget dictum lorem quam eget leo. In non arcu tempor, placerat quam sed, luctus est. Fusce ac eleifend leo.<\/span><\/p>\n<\/div><\/div><div class=\"et_pb_accordion_item_1 et_pb_accordion_item et_pb_toggle et_pb_module et_pb_toggle_close et_block_module\"><h5 class=\"et_pb_toggle_title\">School Meals Menu<\/h5><div class=\"et_pb_toggle_content\"><p>Your content goes here. Edit or remove this text inline or in the module Content settings. You can also style every aspect of this content in the module Design settings and even apply custom CSS to this text in the module Advanced settings.<\/p>\n<\/div><\/div><div class=\"et_pb_accordion_item_2 et_pb_accordion_item et_pb_toggle et_pb_module et_pb_toggle_close et_block_module\"><h5 class=\"et_pb_toggle_title\">Academic Standards<\/h5><div class=\"et_pb_toggle_content\"><p>Your content goes here. Edit or remove this text inline or in the module Content settings. You can also style every aspect of this content in the module Design settings and even apply custom CSS to this text in the module Advanced settings.<\/p>\n<\/div><\/div><div class=\"et_pb_accordion_item_3 et_pb_accordion_item et_pb_toggle et_pb_module et_pb_toggle_close et_block_module\"><h5 class=\"et_pb_toggle_title\">Extracurricular Activities<\/h5><div class=\"et_pb_toggle_content\"><p>Your content goes here. Edit or remove this text inline or in the module Content settings. You can also style every aspect of this content in the module Design settings and even apply custom CSS to this text in the module Advanced settings.<\/p>\n<\/div><\/div><div class=\"et_pb_accordion_item_4 et_pb_accordion_item et_pb_toggle et_pb_module et_pb_toggle_close et_block_module\"><h5 class=\"et_pb_toggle_title\">Technology In the Classroom<\/h5><div class=\"et_pb_toggle_content\"><p>Your content goes here. Edit or remove this text inline or in the module Content settings. You can also style every aspect of this content in the module Design settings and even apply custom CSS to this text in the module Advanced settings.<\/p>\n<\/div><\/div><\/div><\/div><\/div><\/div><div class=\"et_pb_section_4 et_pb_section et_section_regular et_block_section\"><div class=\"et_pb_row_4 et_pb_row et_block_row\"><div class=\"et_pb_column_7 et_pb_column et_pb_column_4_4 et-last-child et_block_column et_pb_css_mix_blend_mode_passthrough\"><div class=\"et_pb_blurb_2 et_pb_blurb et_pb_bg_layout_light et_pb_text_align_center et_pb_blurb_position_top et_pb_module et_block_module\"><div class=\"et_pb_blurb_content\"><div class=\"et_pb_main_blurb_image\"><span class=\"et_pb_image_wrap\"><span class=\"et-pb-icon et-waypoint et_pb_animation_top et_pb_animation_top_tablet et_pb_animation_top_phone\">i<\/span><\/span><\/div><div class=\"et_pb_blurb_container\"><h4 class=\"et_pb_module_header\">Blog<\/h4><\/div><\/div><\/div><div class=\"et_pb_text_8 et_pb_text et_pb_bg_layout_light et_pb_module et_block_module et_pb_text_align_center\"><div class=\"et_pb_text_inner\"><h2>Our News &amp; Announcements<\/h2>\n<p>Lorem ipsum dolor sit amet, consectetur adipiscing elit, sed do eiusmod tempor incididunt ut labore et dolore magna aliqua.<\/p>\n<\/div><\/div><div class=\"et_pb_blog_0 et_pb_blog et_pb_bg_layout_light et_pb_posts et_pb_module\"><div class=\"et_pb_ajax_pagination_container\"><div class=\"et_pb_posts et_grid_module\"><article class=\"et_pb_post et_pb_post_id_2119 clearfix et_pb_blog_item_0_0 post-2119 post type-post status-publish format-standard has-post-thumbnail hentry category-global\"><div class=\"et_pb_image_container\"><a href=\"https:\/\/sansebastiandecolina.cl\/index.php\/2026\/03\/06\/acto-de-inicio-ano-escolar-2026\/\" class=\"entry-featured-image-url\"><img loading=\"lazy\" decoding=\"async\" src=\"https:\/\/sansebastiandecolina.cl\/wp-content\/uploads\/2026\/03\/Mesa-de-trabajo-6-100-1-e1772810057205.jpg\" width=\"400\" height=\"284\" alt=\"Acto de Inicio A\u00f1o Escolar 2026\" class=\"\" srcset=\"https:\/\/sansebastiandecolina.cl\/wp-content\/uploads\/2026\/03\/Mesa-de-trabajo-6-100-1-e1772810057205.jpg 479w, https:\/\/sansebastiandecolina.cl\/wp-content\/uploads\/2026\/03\/Mesa-de-trabajo-6-100-1-e1772810057205-400x284.jpg 480w\" sizes=\"(max-width:479px) 479px, 100vw\" \/><span data-icon=\"\ue050\" class=\"et_overlay et_pb_inline_icon\"><\/span><\/a><\/div><h2 class=\"entry-title\"><a href=\"https:\/\/sansebastiandecolina.cl\/index.php\/2026\/03\/06\/acto-de-inicio-ano-escolar-2026\/\">Acto de Inicio A\u00f1o Escolar 2026<\/a><\/h2><p class=\"post-meta\"><span class=\"entry-categories\"><a href=\"https:\/\/sansebastiandecolina.cl\/index.php\/category\/global\/\" rel=\"tag\">Global<\/a><\/span><\/p><div class=\"post-content\"><div class=\"post-content-inner\"><p>Con mucha alegr\u00eda realizamos nuestro primer acto institucional, dando inicio oficial al A\u00f1o Escolar 2026.Como comunidad educativa del Colegio San Sebasti\u00e1n de Colina, nos reunimos para comenzar este nuevo ciclo con entusiasmo, compromiso y la esperanza de vivir un a\u00f1o&#8230;<\/p>\n<\/div><\/div><\/article><article class=\"et_pb_post et_pb_post_id_2116 clearfix et_pb_blog_item_0_1 post-2116 post type-post status-publish format-standard has-post-thumbnail hentry category-global\"><div class=\"et_pb_image_container\"><a href=\"https:\/\/sansebastiandecolina.cl\/index.php\/2026\/03\/06\/bienvenidos-al-ano-escolar-2026\/\" class=\"entry-featured-image-url\"><img loading=\"lazy\" decoding=\"async\" src=\"https:\/\/sansebastiandecolina.cl\/wp-content\/uploads\/2026\/03\/Mesa-de-trabajo-6-100-e1772809895507.jpg\" width=\"400\" height=\"284\" alt=\"\u00a1Bienvenidos al A\u00f1o Escolar 2026!\" class=\"\" srcset=\"https:\/\/sansebastiandecolina.cl\/wp-content\/uploads\/2026\/03\/Mesa-de-trabajo-6-100-e1772809895507.jpg 479w, https:\/\/sansebastiandecolina.cl\/wp-content\/uploads\/2026\/03\/Mesa-de-trabajo-6-100-e1772809895507-400x284.jpg 480w\" sizes=\"(max-width:479px) 479px, 100vw\" \/><span data-icon=\"\ue050\" class=\"et_overlay et_pb_inline_icon\"><\/span><\/a><\/div><h2 class=\"entry-title\"><a href=\"https:\/\/sansebastiandecolina.cl\/index.php\/2026\/03\/06\/bienvenidos-al-ano-escolar-2026\/\">\u00a1Bienvenidos al A\u00f1o Escolar 2026!<\/a><\/h2><p class=\"post-meta\"><span class=\"entry-categories\"><a href=\"https:\/\/sansebastiandecolina.cl\/index.php\/category\/global\/\" rel=\"tag\">Global<\/a><\/span><\/p><div class=\"post-content\"><div class=\"post-content-inner\"><p>Con mucha alegr\u00eda damos inicio a un nuevo ciclo de aprendizajes, desaf\u00edos y crecimiento para toda nuestra comunidad educativa.En el Colegio San Sebasti\u00e1n de Colina estamos felices de reencontrarnos con nuestros estudiantes y familias para comenzar juntos este camino,&#8230;<\/p>\n<\/div><\/div><\/article><article class=\"et_pb_post et_pb_post_id_2113 clearfix et_pb_blog_item_0_2 post-2113 post type-post status-publish format-standard has-post-thumbnail hentry category-global\"><div class=\"et_pb_image_container\"><a href=\"https:\/\/sansebastiandecolina.cl\/index.php\/2026\/03\/06\/misa-de-inicio-del-ano-escolar-2026\/\" class=\"entry-featured-image-url\"><img loading=\"lazy\" decoding=\"async\" src=\"https:\/\/sansebastiandecolina.cl\/wp-content\/uploads\/2026\/03\/Mesa-de-trabajo-2-100-e1772809743705.jpg\" width=\"400\" height=\"284\" alt=\"Misa de Inicio del A\u00f1o Escolar 2026\" class=\"\" srcset=\"https:\/\/sansebastiandecolina.cl\/wp-content\/uploads\/2026\/03\/Mesa-de-trabajo-2-100-e1772809743705.jpg 479w, https:\/\/sansebastiandecolina.cl\/wp-content\/uploads\/2026\/03\/Mesa-de-trabajo-2-100-e1772809743705-400x284.jpg 480w\" sizes=\"(max-width:479px) 479px, 100vw\" \/><span data-icon=\"\ue050\" class=\"et_overlay et_pb_inline_icon\"><\/span><\/a><\/div><h2 class=\"entry-title\"><a href=\"https:\/\/sansebastiandecolina.cl\/index.php\/2026\/03\/06\/misa-de-inicio-del-ano-escolar-2026\/\">Misa de Inicio del A\u00f1o Escolar 2026<\/a><\/h2><p class=\"post-meta\"><span class=\"entry-categories\"><a href=\"https:\/\/sansebastiandecolina.cl\/index.php\/category\/global\/\" rel=\"tag\">Global<\/a><\/span><\/p><div class=\"post-content\"><div class=\"post-content-inner\"><p>En este a\u00f1o 2026 celebramos la Misa de Inicio del A\u00f1o Escolar junto a nuestros funcionarios, en un espacio de recogimiento y comunidad donde renovamos nuestra fe y reafirmamos el compromiso con nuestra misi\u00f3n educativa.Encomendamos este nuevo ciclo a Dios, pidiendo&#8230;<\/p>\n<\/div><\/div><\/article><\/div><\/div><\/div><\/div><\/div><\/div><div class=\"et_pb_section_5 et_pb_section et_section_regular et_block_section et_pb_section_parallax\"><span class=\"et-pb-parallax-wrapper\"><span class=\"et-pb-parallax-background et-pb-parallax-background-module--divi-section-5\" style=\"background-image:url(https:\/\/sansebastiandecolina.cl\/wp-content\/uploads\/2022\/02\/jess-watters-483666-unsplash.jpg)\"><\/span><\/span><div class=\"et_pb_row_5 et_pb_row et_pb_row_1-4_1-4_1-2 et_pb_equal_columns et_pb_gutters2 et_block_row et_block_row_1-4_1-4_1-2 et_animated\"><div class=\"et_pb_column_8 et_pb_column et_pb_column_1_4 et_block_column et_pb_css_mix_blend_mode_passthrough\"><div class=\"et_pb_number_counter_0 et_pb_number_counter et_pb_bg_layout_dark et_pb_text_align_left et_pb_with_title et_pb_module et_block_module\"><div class=\"percent\"><p><span class=\"percent-value\"><\/span><span class=\"percent-sign\"><\/span><\/p><\/div><h3 class=\"title\">Students<\/h3><\/div><div class=\"et_pb_number_counter_1 et_pb_number_counter et_pb_bg_layout_dark et_pb_text_align_left et_pb_with_title et_pb_module et_block_module\"><div class=\"percent\"><p><span class=\"percent-value\"><\/span><span class=\"percent-sign\"><\/span><\/p><\/div><h3 class=\"title\">After School programs<\/h3><\/div><\/div><div class=\"et_pb_column_9 et_pb_column et_pb_column_1_4 et_block_column et_pb_css_mix_blend_mode_passthrough\"><div class=\"et_pb_number_counter_2 et_pb_number_counter et_pb_bg_layout_dark et_pb_text_align_left et_pb_with_title et_pb_module et_block_module\"><div class=\"percent\"><p><span class=\"percent-value\"><\/span><span class=\"percent-sign\"><\/span><\/p><\/div><h3 class=\"title\">Faculty<\/h3><\/div><div class=\"et_pb_number_counter_3 et_pb_number_counter et_pb_bg_layout_dark et_pb_text_align_left et_pb_with_title et_pb_module et_block_module\"><div class=\"percent\"><p><span class=\"percent-value\"><\/span><span class=\"percent-sign\"><\/span><\/p><\/div><h3 class=\"title\">Years Established<\/h3><\/div><\/div><div class=\"et_pb_column_10 et_pb_column et_pb_column_1_2 et-last-child et_block_column et_pb_css_mix_blend_mode_passthrough\"><div class=\"et_pb_cta_0 et_pb_promo et_pb_bg_layout_light et_pb_module et_block_module\"><div class=\"et_pb_promo_description\"><h2 class=\"et_pb_module_header\">Get In Touch<\/h2><div class=\"et_pb_promo_content\"><p><strong>Location:<\/strong> 1243 Divi St., San Francisco, CA 92421<\/p>\n<p><strong>Telephone:<\/strong> (435) 123-3566<\/p>\n<p><strong>Email:<\/strong>\u00a0<a href=\"mailto:hello@divi.edu\" style=\"font-size: 14px;\">hello@divi.edu<\/a><\/p>\n<p><strong>School Hours:<\/strong> M-F: 8am &#8211; 3pm<\/p>\n<\/div><\/div><div class=\"et_pb_button_wrapper\"><a class=\"et_pb_button et_pb_promo_button\" href=\"#top\">Contact Us<\/a><\/div><\/div><\/div><\/div><div class=\"et_pb_row_6 et_pb_row et_block_row\"><div class=\"et_pb_column_11 et_pb_column et_pb_column_4_4 et-last-child et_block_column et_pb_css_mix_blend_mode_passthrough\"><div class=\"et_pb_text_9 et_pb_text et_pb_bg_layout_light et_pb_module et_block_module\"><div class=\"et_pb_text_inner\"><h5>Non-Discrimination Policy<\/h5>\n<p><span style=\"font-size: 14px;\">Praesent sapien massa, convallis a pellentesque nec, egestas non nisi. Quisque velit nisi, pretium ut lacinia in, elementum id enim. Donec sollicitudin molestie malesuada. Lorem ipsum dolor sit amet, consectetur adipiscing elit. Praesent sapien massa, convallis a pellentesque nec, egestas non nisi. Vestibulum ac diam sit amet quam vehicula elementum sed sit amet dui. Donec sollicitudin molestie malesuada. Vivamus suscipit tortor eget felis porttitor volutpat. <\/span><a href=\"#\" style=\"font-size: 14px;\">Pellentesque in ipsum.\u00a0<\/a><\/p>\n<p>&nbsp;<\/p>\n<\/div><\/div><\/div><\/div><\/div>","protected":false},"excerpt":{"rendered":"","protected":false},"author":1,"featured_media":0,"parent":0,"menu_order":0,"comment_status":"closed","ping_status":"closed","template":"","meta":{"footnotes":""},"class_list":["post-213","page","type-page","status-publish","hentry"],"_links":{"self":[{"href":"https:\/\/sansebastiandecolina.cl\/index.php\/wp-json\/wp\/v2\/pages\/213","targetHints":{"allow":["GET"]}}],"collection":[{"href":"https:\/\/sansebastiandecolina.cl\/index.php\/wp-json\/wp\/v2\/pages"}],"about":[{"href":"https:\/\/sansebastiandecolina.cl\/index.php\/wp-json\/wp\/v2\/types\/page"}],"author":[{"embeddable":true,"href":"https:\/\/sansebastiandecolina.cl\/index.php\/wp-json\/wp\/v2\/users\/1"}],"replies":[{"embeddable":true,"href":"https:\/\/sansebastiandecolina.cl\/index.php\/wp-json\/wp\/v2\/comments?post=213"}],"version-history":[{"count":24,"href":"https:\/\/sansebastiandecolina.cl\/index.php\/wp-json\/wp\/v2\/pages\/213\/revisions"}],"predecessor-version":[{"id":2047,"href":"https:\/\/sansebastiandecolina.cl\/index.php\/wp-json\/wp\/v2\/pages\/213\/revisions\/2047"}],"wp:attachment":[{"href":"https:\/\/sansebastiandecolina.cl\/index.php\/wp-json\/wp\/v2\/media?parent=213"}],"curies":[{"name":"wp","href":"https:\/\/api.w.org\/{rel}","templated":true}]}}